{"id":243,"date":"2019-06-19T08:50:30","date_gmt":"2019-06-19T06:50:30","guid":{"rendered":"https:\/\/www.dominicasdevitoria.org\/inventario\/?page_id=243"},"modified":"2019-06-26T12:57:01","modified_gmt":"2019-06-26T10:57:01","slug":"acceso","status":"publish","type":"page","link":"https:\/\/www.dominicasdevitoria.org\/inventario\/","title":{"rendered":"Acceso"},"content":{"rendered":"\t\t<div data-elementor-type=\"wp-post\" data-elementor-id=\"243\" class=\"elementor elementor-243\">\n\t\t\t\t\t\t<div class=\"elementor-inner\">\n\t\t\t\t<div class=\"elementor-section-wrap\">\n\t\t\t\t\t\t\t\t\t<section class=\"elementor-section elementor-top-section elementor-element elementor-element-5d447bb elementor-section-height-full elementor-section-content-middle elementor-section-boxed elementor-section-height-default elementor-section-items-middle\" data-id=\"5d447bb\" data-element_type=\"section\" data-settings=\"{&quot;background_background&quot;:&quot;classic&quot;}\">\n\t\t\t\t\t\t\t<div class=\"elementor-background-overlay\"><\/div>\n\t\t\t\t\t\t\t<div class=\"elementor-container elementor-column-gap-default\">\n\t\t\t\t\t\t\t<div class=\"elementor-row\">\n\t\t\t\t\t<div class=\"elementor-column elementor-col-100 elementor-top-column elementor-element elementor-element-26f53ac\" data-id=\"26f53ac\" data-element_type=\"column\" data-settings=\"{&quot;background_background&quot;:&quot;classic&quot;}\">\n\t\t\t<div class=\"elementor-column-wrap elementor-element-populated\">\n\t\t\t\t\t\t\t<div class=\"elementor-widget-wrap\">\n\t\t\t\t\t\t<div class=\"elementor-element elementor-element-78b560c elementor-widget elementor-widget-image\" data-id=\"78b560c\" data-element_type=\"widget\" data-widget_type=\"image.default\">\n\t\t\t\t<div class=\"elementor-widget-container\">\n\t\t\t\t\t\t\t\t<div class=\"elementor-image\">\n\t\t\t\t\t\t\t\t\t\t\t\t<img decoding=\"async\" width=\"256\" height=\"90\" src=\"https:\/\/www.dominicasdevitoria.org\/inventario\/wp-content\/uploads\/2019\/06\/logo_90px.jpg\" class=\"attachment-full size-full wp-image-76\" alt=\"\" loading=\"lazy\" \/>\t\t\t\t\t\t\t\t\t\t\t\t\t\t<\/div>\n\t\t\t\t\t\t<\/div>\n\t\t\t\t<\/div>\n\t\t\t\t<div class=\"elementor-element elementor-element-43bbf64 elementor-widget elementor-widget-shortcode\" data-id=\"43bbf64\" data-element_type=\"widget\" data-widget_type=\"shortcode.default\">\n\t\t\t\t<div class=\"elementor-widget-container\">\n\t\t\t\t\t<div class=\"elementor-shortcode\">\t<div class=\"mg-top-35 mg-bottom-35 subway-login-form\">\n\t\t<div class=\"subway-login-form-form\">\n\t\t\t<div class=\"subway-login-form__actions\">\n\t\t\t\t<h3>\n\t\t\t\t\tAcceso a la cuenta\t\t\t\t<\/h3>\n\t\t\t\t\t\t\t<\/div>\n\t\t\t<div class=\"subway-login-form-message\">\n\t\t\t\t\t\t\t<\/div>\n\t\t\t<div class=\"subway-login-form__form\">\n\t\t\t\t<form name=\"loginform\" id=\"loginform\" action=\"https:\/\/www.dominicasdevitoria.org\/inventario\/wp-login.php\" method=\"post\"><p class=\"login-username\">\n\t\t\t\t<label for=\"user_login\">Nombre de usuario<\/label>\n\t\t\t\t<input type=\"text\" name=\"log\" id=\"user_login\" autocomplete=\"username\" class=\"input\" value=\"\" size=\"20\" \/>\n\t\t\t<\/p><p class=\"login-password\">\n\t\t\t\t<label for=\"user_pass\">Contrase\u00f1a<\/label>\n\t\t\t\t<input type=\"password\" name=\"pwd\" id=\"user_pass\" autocomplete=\"current-password\" class=\"input\" value=\"\" size=\"20\" \/>\n\t\t\t<\/p><p class=\"subway-login-lost-password\">\n\t<a href=\"https:\/\/www.dominicasdevitoria.org\/inventario\/wp-login.php?action=lostpassword\">\n\t \t\u00bfHas olvidado tu contrase\u00f1a?\t<\/a>\n<\/p>\n<p class=\"login-remember\"><label><input name=\"rememberme\" type=\"checkbox\" id=\"rememberme\" value=\"forever\" \/> Recu\u00e9rdame<\/label><\/p><p class=\"login-submit\">\n\t\t\t\t<input type=\"submit\" name=\"wp-submit\" id=\"wp-submit\" class=\"button button-primary\" value=\"Acceder\" \/>\n\t\t\t\t<input type=\"hidden\" name=\"redirect_to\" value=\"https:\/\/www.dominicasdevitoria.org\/inventario\" \/>\n\t\t\t<\/p><\/form>\t\t\t<\/div>\n\t\t<\/div>\n\t<\/div>\n<\/div>\n\t\t\t\t<\/div>\n\t\t\t\t<\/div>\n\t\t\t\t<div class=\"elementor-element elementor-element-b3ce4bc elementor-widget elementor-widget-text-editor\" data-id=\"b3ce4bc\" data-element_type=\"widget\" data-widget_type=\"text-editor.default\">\n\t\t\t\t<div class=\"elementor-widget-container\">\n\t\t\t\t\t\t\t\t<div class=\"elementor-text-editor elementor-clearfix\">\n\t\t\t\t<p>Si no le redirecciona autom\u00e1ticamente a la p\u00e1gina de inicio, <a href=\"https:\/\/www.dominicasdevitoria.org\/inventario\/inicio\/\">pulse aqu\u00ed<\/a>.<\/p>\t\t\t\t\t<\/div>\n\t\t\t\t\t\t<\/div>\n\t\t\t\t<\/div>\n\t\t\t\t\t\t<\/div>\n\t\t\t\t\t<\/div>\n\t\t<\/div>\n\t\t\t\t\t\t\t\t<\/div>\n\t\t\t\t\t<\/div>\n\t\t<\/section>\n\t\t\t\t\t\t\t\t\t<\/div>\n\t\t\t<\/div>\n\t\t\t\t\t<\/div>\n\t\t","protected":false},"excerpt":{"rendered":"<p>Si no le redirecciona autom\u00e1ticamente a la p\u00e1gina de inicio, pulse aqu\u00ed.<\/p>\n","protected":false},"author":1,"featured_media":0,"parent":0,"menu_order":0,"comment_status":"closed","ping_status":"closed","template":"elementor_canvas","meta":[],"_links":{"self":[{"href":"https:\/\/www.dominicasdevitoria.org\/inventario\/index.php?rest_route=\/wp\/v2\/pages\/243"}],"collection":[{"href":"https:\/\/www.dominicasdevitoria.org\/inventario\/index.php?rest_route=\/wp\/v2\/pages"}],"about":[{"href":"https:\/\/www.dominicasdevitoria.org\/inventario\/index.php?rest_route=\/wp\/v2\/types\/page"}],"author":[{"embeddable":true,"href":"https:\/\/www.dominicasdevitoria.org\/inventario\/index.php?rest_route=\/wp\/v2\/users\/1"}],"replies":[{"embeddable":true,"href":"https:\/\/www.dominicasdevitoria.org\/inventario\/index.php?rest_route=%2Fwp%2Fv2%2Fcomments&post=243"}],"version-history":[{"count":7,"href":"https:\/\/www.dominicasdevitoria.org\/inventario\/index.php?rest_route=\/wp\/v2\/pages\/243\/revisions"}],"predecessor-version":[{"id":276,"href":"https:\/\/www.dominicasdevitoria.org\/inventario\/index.php?rest_route=\/wp\/v2\/pages\/243\/revisions\/276"}],"wp:attachment":[{"href":"https:\/\/www.dominicasdevitoria.org\/inventario\/index.php?rest_route=%2Fwp%2Fv2%2Fmedia&parent=243"}],"curies":[{"name":"wp","href":"https:\/\/api.w.org\/{rel}","templated":true}]}}